 
{"id":2453,"date":"2020-11-23T16:50:40","date_gmt":"2020-11-23T15:50:40","guid":{"rendered":"https:\/\/www.oegnr.at\/oegnr_wp\/?page_id=2453"},"modified":"2024-11-17T12:24:25","modified_gmt":"2024-11-17T11:24:25","slug":"preise","status":"publish","type":"page","link":"https:\/\/www.oegnr.at\/oegnr_wp\/index.php\/preise\/","title":{"rendered":"Auszeichnungen"},"content":{"rendered":"<p><img decoding=\"async\" src=\"https:\/\/www.oegnr.at\/oegnr_wp\/wp-content\/uploads\/2024\/11\/ASP_Banner_noyear_template.jpg\" \/><\/p>\n<p><span lang=\"DE\">Arthur-Sch\u00fcller-Preis\u00a0der \u00d6sterreichischen Gesellschaft f\u00fcr Neuroradiologie<\/span><\/p>\n<p><span lang=\"DE\">Die \u00d6sterreichische Gesellschaft f\u00fcr Neuroradiologie (\u00d6GNR) schreibt zum Gedenken an<strong>\u00a0<a href=\"http:\/\/www.ajnr.org\/cgi\/reprint\/18\/7\/1297.pdf\" target=\"_blank\" rel=\"noopener noreferrer\">Arthur Sch\u00fcller (1874 \u2013 1954)<\/a>\u00a0<\/strong>zur F\u00f6rderung der Wissenschaft auf dem Gebiet der Neuroradiologie einen j\u00e4hrlich zu vergebenden Preis aus. Der Preis wird verliehen f\u00fcr eine angenommene oder bereits ver\u00f6ffentlichte wissenschaftliche Publikation in deutscher oder englischer Sprache, vorzugsweise\u00a0in der Zeitschrift <strong>\u201e<a title=\"Clinical Neuroradiology\" href=\"https:\/\/www.springermedizin.de\/clinical-neuroradiology\/7925922\" target=\"_blank\" rel=\"noopener noreferrer\">Clinical Neuroradiology<\/a>\u201c<\/strong>. F\u00fcr den Preis kommen alle Erstautoren in Frage, die ihren Berufssitz in \u00d6sterreich haben.<\/span><\/p>\n<p><span lang=\"DE\">Der Preis wird \u00a0im Rahmen der \u00d6GNR Jahrestagung <\/span>verliehen.<\/p>\n<p>Die Arbeit soll dort vom Preistr\u00e4ger in einem kurzen Vortrag vorgestellt werden.\u00a0Weiterhin sollte die Arbeit noch nicht ausgezeichnet worden sein.<\/p>\n<p>Der Preis ist mit\u00a0<strong>\u20ac 2200\u00a0<\/strong>dotiert.<\/p>\n<p><span lang=\"DE\">Ein Sonderdruck oder alternativ das Manuskript (zusammen mit der Annahmebest\u00e4tigung) ist mit einem Curriculum vitae einzureichen bei:<\/span><\/p>\n<h4><strong>\u00d6GNR-Office: <a href=\"mailto:office@oegnr.at?subject=ASP 2022\">office@oegnr.at<\/a><\/strong><\/h4>\n<p>Alternativ per Post:<\/p>\n<p><span lang=\"DE\">\u00d6sterreichische Gesellschaft f\u00fcr Neuroradiologie<br \/>\nDr. Johannes Trenkler<br \/>\nKepler Universit\u00e4tsklinikum, Neuromed Campus<br \/>\nInstitut f\u00fcr Neuroradiologie<br \/>\nWagner-Jauregg-Weg 15,\u00a0A-4020 Linz<\/span><\/p>\n","protected":false},"excerpt":{"rendered":"<p>Arthur-Sch\u00fcller-Preis\u00a0der \u00d6sterreichischen Gesellschaft f\u00fcr Neuroradiologie Die \u00d6sterreichische Gesellschaft f\u00fcr Neuroradiologie (\u00d6GNR) schreibt zum Gedenken an\u00a0Arthur Sch\u00fcller (1874 \u2013 1954)\u00a0zur F\u00f6rderung der Wissenschaft auf dem Gebiet der Neuroradiologie einen j\u00e4hrlich zu\u2026 <a href=\"https:\/\/www.oegnr.at\/oegnr_wp\/index.php\/preise\/\" class=\"read-more-link\">weiterlesen &rarr;<\/a><\/p>\n","protected":false},"author":3,"featured_media":0,"parent":0,"menu_order":0,"comment_status":"closed","ping_status":"closed","template":"","meta":{"footnotes":""},"class_list":["post-2453","page","type-page","status-publish","hentry"],"_links":{"self":[{"href":"https:\/\/www.oegnr.at\/oegnr_wp\/index.php\/wp-json\/wp\/v2\/pages\/2453","targetHints":{"allow":["GET"]}}],"collection":[{"href":"https:\/\/www.oegnr.at\/oegnr_wp\/index.php\/wp-json\/wp\/v2\/pages"}],"about":[{"href":"https:\/\/www.oegnr.at\/oegnr_wp\/index.php\/wp-json\/wp\/v2\/types\/page"}],"author":[{"embeddable":true,"href":"https:\/\/www.oegnr.at\/oegnr_wp\/index.php\/wp-json\/wp\/v2\/users\/3"}],"replies":[{"embeddable":true,"href":"https:\/\/www.oegnr.at\/oegnr_wp\/index.php\/wp-json\/wp\/v2\/comments?post=2453"}],"version-history":[{"count":25,"href":"https:\/\/www.oegnr.at\/oegnr_wp\/index.php\/wp-json\/wp\/v2\/pages\/2453\/revisions"}],"predecessor-version":[{"id":312715,"href":"https:\/\/www.oegnr.at\/oegnr_wp\/index.php\/wp-json\/wp\/v2\/pages\/2453\/revisions\/312715"}],"wp:attachment":[{"href":"https:\/\/www.oegnr.at\/oegnr_wp\/index.php\/wp-json\/wp\/v2\/media?parent=2453"}],"curies":[{"name":"wp","href":"https:\/\/api.w.org\/{rel}","templated":true}]}}