 
{"id":62218,"date":"2021-01-16T18:06:14","date_gmt":"2021-01-16T17:06:14","guid":{"rendered":"https:\/\/www.oegnr.at\/oegnr_wp\/?page_id=62218"},"modified":"2021-04-28T10:23:43","modified_gmt":"2021-04-28T08:23:43","slug":"fortbildung-reg","status":"publish","type":"page","link":"https:\/\/www.oegnr.at\/oegnr_wp\/index.php\/fortbildung-reg\/","title":{"rendered":"Fortbildung &#8211; Registrierung"},"content":{"rendered":"\n<div class=\"wpcf7 no-js\" id=\"wpcf7-f62781-o1\" lang=\"de-DE\" dir=\"ltr\" data-wpcf7-id=\"62781\">\n<div class=\"screen-reader-response\"><p role=\"status\" aria-live=\"polite\" aria-atomic=\"true\"><\/p> <ul><\/ul><\/div>\n<form action=\"\/oegnr_wp\/index.php\/wp-json\/wp\/v2\/pages\/62218#wpcf7-f62781-o1\" method=\"post\" class=\"wpcf7-form init\" aria-label=\"Kontaktformular\" novalidate=\"novalidate\" data-status=\"init\">\n<fieldset class=\"hidden-fields-container\"><input type=\"hidden\" name=\"_wpcf7\" value=\"62781\" \/><input type=\"hidden\" name=\"_wpcf7_version\" value=\"6.1.5\" \/><input type=\"hidden\" name=\"_wpcf7_locale\" value=\"de_DE\" \/><input type=\"hidden\" name=\"_wpcf7_unit_tag\" value=\"wpcf7-f62781-o1\" \/><input type=\"hidden\" name=\"_wpcf7_container_post\" value=\"0\" \/><input type=\"hidden\" name=\"_wpcf7_posted_data_hash\" value=\"\" \/><input type=\"hidden\" name=\"_wpcf7cf_hidden_group_fields\" value=\"[]\" \/><input type=\"hidden\" name=\"_wpcf7cf_hidden_groups\" value=\"[]\" \/><input type=\"hidden\" name=\"_wpcf7cf_visible_groups\" value=\"[]\" \/><input type=\"hidden\" name=\"_wpcf7cf_repeaters\" value=\"[]\" \/><input type=\"hidden\" name=\"_wpcf7cf_steps\" value=\"{}\" \/><input type=\"hidden\" name=\"_wpcf7cf_options\" value=\"{&quot;form_id&quot;:62781,&quot;conditions&quot;:[],&quot;settings&quot;:{&quot;animation&quot;:&quot;yes&quot;,&quot;animation_intime&quot;:200,&quot;animation_outtime&quot;:200,&quot;conditions_ui&quot;:&quot;normal&quot;,&quot;notice_dismissed&quot;:false,&quot;notice_dismissed_rollback-cf7-5.4&quot;:true,&quot;notice_dismissed_rollback-cf7-5.8.4&quot;:true,&quot;notice_dismissed_update-cf7-6.0&quot;:true}}\" \/><input type=\"hidden\" name=\"_wpcf7_recaptcha_response\" value=\"\" \/>\n<\/fieldset>\n<h4>Um die Webinare der \u00d6GNR nutzen zu k\u00f6nnen, bitten wir Sie Ihre Daten anzugeben.\n<\/h4>\n<p><label> Ihr Name (inkl. Titel)<br \/>\n<span class=\"wpcf7-form-control-wrap\" data-name=\"your-name\"><input size=\"40\" maxlength=\"400\" class=\"wpcf7-form-control wpcf7-text wpcf7-validates-as-required\" aria-required=\"true\" aria-invalid=\"false\" value=\"\" type=\"text\" name=\"your-name\" \/><\/span> <\/label>\n<\/p>\n<p><label> Ihre Einrichtung bzw. Ihr Unternehmen (optional)<br \/>\n<span class=\"wpcf7-form-control-wrap\" data-name=\"text-unternehmen\"><input size=\"40\" maxlength=\"400\" class=\"wpcf7-form-control wpcf7-text\" aria-invalid=\"false\" value=\"keine Angabe\" type=\"text\" name=\"text-unternehmen\" \/><\/span><\/label>\n<\/p>\n<p><label> Ihre E-Mail-Adresse<br \/>\n<span class=\"wpcf7-form-control-wrap\" data-name=\"your-email\"><input size=\"40\" maxlength=\"400\" class=\"wpcf7-form-control wpcf7-email wpcf7-validates-as-required wpcf7-text wpcf7-validates-as-email\" aria-required=\"true\" aria-invalid=\"false\" value=\"\" type=\"email\" name=\"your-email\" \/><\/span> <\/label>\n<\/p>\n<input class=\"wpcf7-form-control wpcf7-hidden\" value=\"Webinar - Registration\" type=\"hidden\" name=\"your-subject\" \/>\n<p>Bitte beachten Sie: Die Registrierung ist lediglich f\u00fcr 30 Tage g\u00fcltig und erfordert, dass Sie Cookies zulassen. Da die Videos von YouTube bereitgestellt werden, m\u00fcssen sie diesbez\u00fcglich Ihr Einverst\u00e4ndnis geben.\n<\/p>\n<p><span class=\"wpcf7-form-control-wrap\" data-name=\"acceptance-googledata\"><span class=\"wpcf7-form-control wpcf7-acceptance\"><span class=\"wpcf7-list-item\"><label><input type=\"checkbox\" name=\"acceptance-googledata\" value=\"1\" aria-invalid=\"false\" \/><span class=\"wpcf7-list-item-label\">Ich erkl\u00e4re mich bereit, dass die notwendigen Daten entsprechend der <a href=\"https:\/\/policies.google.com\/privacy?hl=de-DE\">Google - Datenschutzrichtlinie<\/a> an Google \u00fcbertragen werden und akzeptiere die <a href=\"https:\/\/www.oegnr.at\/oegnr_wp\/index.php\/privacy-policy\/\">Datenschutzvereinbarung<\/a><\/span><\/label><\/span><\/span><\/span>\n<\/p>\n<p><input class=\"wpcf7-form-control wpcf7-submit has-spinner\" type=\"submit\" value=\"Weiter zu den Webinaren\" \/>\n<\/p><div class=\"wpcf7-response-output\" aria-hidden=\"true\"><\/div>\n<\/form>\n<\/div>\n\n<p>&nbsp;<\/p>\n<div class=\"alert-message notice\">Die erhobenen Daten werden ausschlie\u00dflich zu informativen Zwecken erhoben und keinesfalls weitergegeben. Weitere Informationen erhalten Sie in unserer <a href=\"https:\/\/www.oegnr.at\/oegnr_wp\/index.php\/privacy-policy\/\">Datenschutzerkl\u00e4rung<\/a><span class=\"close\" href=\"#\">x<\/span><\/div>\n<p><script src=\"https:\/\/www.oegnr.at\/oegnr_wp\/wp-content\/themes\/inovado_child\/js\/gd_CF7DOMWorkaround.js\"><\/script><\/p>\n","protected":false},"excerpt":{"rendered":"<p>&nbsp; Die erhobenen Daten werden ausschlie\u00dflich zu informativen Zwecken erhoben und keinesfalls weitergegeben. Weitere Informationen erhalten Sie in unserer Datenschutzerkl\u00e4rungx<\/p>\n","protected":false},"author":3,"featured_media":0,"parent":0,"menu_order":0,"comment_status":"closed","ping_status":"closed","template":"page-fullwidth.php","meta":{"footnotes":""},"class_list":["post-62218","page","type-page","status-publish","hentry"],"_links":{"self":[{"href":"https:\/\/www.oegnr.at\/oegnr_wp\/index.php\/wp-json\/wp\/v2\/pages\/62218","targetHints":{"allow":["GET"]}}],"collection":[{"href":"https:\/\/www.oegnr.at\/oegnr_wp\/index.php\/wp-json\/wp\/v2\/pages"}],"about":[{"href":"https:\/\/www.oegnr.at\/oegnr_wp\/index.php\/wp-json\/wp\/v2\/types\/page"}],"author":[{"embeddable":true,"href":"https:\/\/www.oegnr.at\/oegnr_wp\/index.php\/wp-json\/wp\/v2\/users\/3"}],"replies":[{"embeddable":true,"href":"https:\/\/www.oegnr.at\/oegnr_wp\/index.php\/wp-json\/wp\/v2\/comments?post=62218"}],"version-history":[{"count":5,"href":"https:\/\/www.oegnr.at\/oegnr_wp\/index.php\/wp-json\/wp\/v2\/pages\/62218\/revisions"}],"predecessor-version":[{"id":115333,"href":"https:\/\/www.oegnr.at\/oegnr_wp\/index.php\/wp-json\/wp\/v2\/pages\/62218\/revisions\/115333"}],"wp:attachment":[{"href":"https:\/\/www.oegnr.at\/oegnr_wp\/index.php\/wp-json\/wp\/v2\/media?parent=62218"}],"curies":[{"name":"wp","href":"https:\/\/api.w.org\/{rel}","templated":true}]}}