 
{"id":63284,"date":"2021-01-16T18:38:21","date_gmt":"2021-01-16T17:38:21","guid":{"rendered":"https:\/\/www.oegnr.at\/oegnr_wp\/?page_id=63284"},"modified":"2021-05-05T20:32:36","modified_gmt":"2021-05-05T18:32:36","slug":"webinare","status":"publish","type":"page","link":"https:\/\/www.oegnr.at\/oegnr_wp\/index.php\/webinare\/","title":{"rendered":"Webinare"},"content":{"rendered":"<div class=\"section section-parallax\" style=\"background-color: #f9f9f9; border: 0px solid #ececec; padding: 40px 0; \">\n<div class=\"container clearfix\">\n<div class=\"sixteen columns\">\n<h3>Webinare<\/h3>\n<div class=\"alert-message Notice\">Beachten Sie bitte, dass Sie mit dem Klick auf die Videos Daten an YouTube \u00fcbertragen und unter deren Datenschutzrichtlinie fallen<span class=\"close\" href=\"#\">x<\/span><\/div>\n<\/div>\n<\/div>\n<\/div>\n<div class='section section-parallax' style='background-color: #c1d3e0; border: 0px solid #ececec; padding: 40px 0;'><div class='container clearfix'><div class='sixteen columns'><div class=\"one_third\"><h2>KI und Neuroradiologie: Grundlagen, Erwartungen, Vorbehalte<\/h2>Prof. Dr. Roland Wiest leitet die Forschungsgruppe Support Center for Advanced Neuroimaging (SCAN), Mitglied des interdisziplin\u00e4ren Konsortiums \u201eClinical Neuroscience Bern (CNB)\u201c. Sein Forschungsschwerpunkt ist die Entwicklung von Computer gest\u00fctzten Postprocessing-Techniken f\u00fcr die klinische Anwendung in Neuromedizin und Neurowissenschaft. Prof. Wiest wird die Grundlagen der KI vermitteln sowie auf Erwartungen und Vorbehalte dieser neuen Techniken eingehen.<\/div><div class=\"two_third last\"><div class=\"alert-message Notice\">Die Webinare erfordern eine Registrierung. <a href=\"https:\/\/www.oegnr.at\/oegnr_wp\/index.php\/fortbildung-reg\/\">Bitte registrieren Sie sich hier<\/a><\/div><\/div><\/div><\/div><\/div><div class='section section-parallax' style='background-color: #f9f9f9; border: 0px solid #ececec; padding: 40px 0;'><div class='container clearfix'><div class='sixteen columns'><div class=\"one_third\"><h2>KI und Neuroradiologie: Aktuelle und zuk\u00fcnftige Anwendungen<\/h2>OA Dr. Dennis Hedderich ist Oberarzt der Abteilung f\u00fcr Diagnostische und Interventionelle Neuroradiologie des Klinikums rechts der Isar, TU M\u00fcnchen. Sein Schwerpunkt ist die Anwendung von KI bei bildgebenden Verfahren, insbesondere im Bereich Neuroimaging. Er ist Inhaber des Certificate of Advanced Studies (CAS) in Artificial Intelligence (AI) in Medical Imaging der Universit\u00e4t Bern und entwickelt bzw. organisiert KI-Kurse f\u00fcr Mediziner. Dr. Hedderich wird einen \u00dcberblick \u00fcber aktuelle und zuk\u00fcnftige Anwendungen der KI in der Neuroradiologie geben.<\/div><div class=\"two_third last\"><div class=\"alert-message Notice\">Die Webinare erfordern eine Registrierung. <a href=\"https:\/\/www.oegnr.at\/oegnr_wp\/index.php\/fortbildung-reg\/\">Bitte registrieren Sie sich hier<\/a><\/div><\/div><\/div><\/div><\/div>\n","protected":false},"excerpt":{"rendered":"<p>Webinare Beachten Sie bitte, dass Sie mit dem Klick auf die Videos Daten an YouTube \u00fcbertragen und unter deren Datenschutzrichtlinie fallenx<\/p>\n","protected":false},"author":3,"featured_media":0,"parent":0,"menu_order":0,"comment_status":"closed","ping_status":"closed","template":"page-section.php","meta":{"footnotes":""},"class_list":["post-63284","page","type-page","status-publish","hentry"],"_links":{"self":[{"href":"https:\/\/www.oegnr.at\/oegnr_wp\/index.php\/wp-json\/wp\/v2\/pages\/63284","targetHints":{"allow":["GET"]}}],"collection":[{"href":"https:\/\/www.oegnr.at\/oegnr_wp\/index.php\/wp-json\/wp\/v2\/pages"}],"about":[{"href":"https:\/\/www.oegnr.at\/oegnr_wp\/index.php\/wp-json\/wp\/v2\/types\/page"}],"author":[{"embeddable":true,"href":"https:\/\/www.oegnr.at\/oegnr_wp\/index.php\/wp-json\/wp\/v2\/users\/3"}],"replies":[{"embeddable":true,"href":"https:\/\/www.oegnr.at\/oegnr_wp\/index.php\/wp-json\/wp\/v2\/comments?post=63284"}],"version-history":[{"count":10,"href":"https:\/\/www.oegnr.at\/oegnr_wp\/index.php\/wp-json\/wp\/v2\/pages\/63284\/revisions"}],"predecessor-version":[{"id":128413,"href":"https:\/\/www.oegnr.at\/oegnr_wp\/index.php\/wp-json\/wp\/v2\/pages\/63284\/revisions\/128413"}],"wp:attachment":[{"href":"https:\/\/www.oegnr.at\/oegnr_wp\/index.php\/wp-json\/wp\/v2\/media?parent=63284"}],"curies":[{"name":"wp","href":"https:\/\/api.w.org\/{rel}","templated":true}]}}