 
{"id":93857,"date":"2021-04-20T17:36:20","date_gmt":"2021-04-20T15:36:20","guid":{"rendered":"https:\/\/www.oegnr.at\/oegnr_wp\/?page_id=93857"},"modified":"2021-04-28T18:53:46","modified_gmt":"2021-04-28T16:53:46","slug":"antrag-auf-stipendium","status":"publish","type":"page","link":"https:\/\/www.oegnr.at\/oegnr_wp\/index.php\/antrag-auf-stipendium\/","title":{"rendered":"Antrag auf Stipendium"},"content":{"rendered":"<p>Mit diesem Stipendium werden Fortbildungen bei einschl\u00e4gigen Veranstaltungen unterst\u00fctzt: z.B. Kurse der ESNR aber auch Teilnahmen an Fachkongressen (wie beispielsweise den Jahrestagungen von \u00d6GNR oder DGNR). Die F\u00f6rdersumme betr\u00e4gt maximal 500 Euro pro Person und Jahr.<\/p>\n<p>Es gelten folgende Voraussetzungen:<\/p>\n<ul>\n<li>\u00d6GNR \u2013 Mitgliedschaft<\/li>\n<li>\u00c4rztin\/Arzt in Ausbildung oder Fach\u00e4rztin\/Facharzt seit maximal 2 Jahren vor Antragsstellung<\/li>\n<li>Begleitschreiben des\/der Vorgesetzten<\/li>\n<\/ul>\n<p>\n<div class=\"wpcf7 no-js\" id=\"wpcf7-f94148-o1\" lang=\"de-DE\" dir=\"ltr\" data-wpcf7-id=\"94148\">\n<div class=\"screen-reader-response\"><p role=\"status\" aria-live=\"polite\" aria-atomic=\"true\"><\/p> <ul><\/ul><\/div>\n<form action=\"\/oegnr_wp\/index.php\/wp-json\/wp\/v2\/pages\/93857#wpcf7-f94148-o1\" method=\"post\" class=\"wpcf7-form init\" aria-label=\"Kontaktformular\" enctype=\"multipart\/form-data\" novalidate=\"novalidate\" data-status=\"init\">\n<fieldset class=\"hidden-fields-container\"><input type=\"hidden\" name=\"_wpcf7\" value=\"94148\" \/><input type=\"hidden\" name=\"_wpcf7_version\" value=\"6.1.5\" \/><input type=\"hidden\" name=\"_wpcf7_locale\" value=\"de_DE\" \/><input type=\"hidden\" name=\"_wpcf7_unit_tag\" value=\"wpcf7-f94148-o1\" \/><input type=\"hidden\" name=\"_wpcf7_container_post\" value=\"0\" \/><input type=\"hidden\" name=\"_wpcf7_posted_data_hash\" value=\"\" \/><input type=\"hidden\" name=\"_wpcf7cf_hidden_group_fields\" value=\"[]\" \/><input type=\"hidden\" name=\"_wpcf7cf_hidden_groups\" value=\"[]\" \/><input type=\"hidden\" name=\"_wpcf7cf_visible_groups\" value=\"[]\" \/><input type=\"hidden\" name=\"_wpcf7cf_repeaters\" value=\"[]\" \/><input type=\"hidden\" name=\"_wpcf7cf_steps\" value=\"{}\" \/><input type=\"hidden\" name=\"_wpcf7cf_options\" value=\"{&quot;form_id&quot;:94148,&quot;conditions&quot;:[{&quot;then_field&quot;:&quot;group-facharztseit-785&quot;,&quot;and_rules&quot;:[{&quot;if_field&quot;:&quot;radio-AusbildungFertig-395&quot;,&quot;operator&quot;:&quot;equals&quot;,&quot;if_value&quot;:&quot;Facharzt\\\/Fach\\u00e4rztin&quot;}]}],&quot;settings&quot;:{&quot;animation&quot;:&quot;yes&quot;,&quot;animation_intime&quot;:200,&quot;animation_outtime&quot;:200,&quot;conditions_ui&quot;:&quot;normal&quot;,&quot;notice_dismissed&quot;:false,&quot;notice_dismissed_rollback-cf7-5.4&quot;:true,&quot;notice_dismissed_rollback-cf7-5.8.4&quot;:true,&quot;notice_dismissed_update-cf7-6.0&quot;:true}}\" \/><input type=\"hidden\" name=\"_wpcf7_recaptcha_response\" value=\"\" \/>\n<\/fieldset>\n<input class=\"wpcf7-form-control wpcf7-hidden\" value=\"Antrag auf Stipendium\" type=\"hidden\" name=\"your-subject\" \/>\n<p><strong>Pers\u00f6nliche Daten<\/strong>\n<\/p>\n<div class=\"one_fifth\">\n\t<p><label> Titel<br \/>\n<span class=\"wpcf7-form-control-wrap\" data-name=\"Titel\"><input size=\"40\" maxlength=\"400\" class=\"wpcf7-form-control wpcf7-text\" aria-invalid=\"false\" value=\"\" type=\"text\" name=\"Titel\" \/><\/span> <\/label>\n\t<\/p>\n<\/div>\n<div class=\"two_fifth\">\n\t<p><label> Vorname\/n*<br \/>\n<span class=\"wpcf7-form-control-wrap\" data-name=\"Vorname\"><input size=\"40\" maxlength=\"400\" class=\"wpcf7-form-control wpcf7-text wpcf7-validates-as-required\" aria-required=\"true\" aria-invalid=\"false\" value=\"\" type=\"text\" name=\"Vorname\" \/><\/span> <\/label>\n\t<\/p>\n<\/div>\n<div class=\"two_fifth last\">\n\t<p><label> Nachname*<br \/>\n<span class=\"wpcf7-form-control-wrap\" data-name=\"your-name\"><input size=\"40\" maxlength=\"400\" class=\"wpcf7-form-control wpcf7-text wpcf7-validates-as-required\" aria-required=\"true\" aria-invalid=\"false\" value=\"\" type=\"text\" name=\"your-name\" \/><\/span><\/label>\n\t<\/p>\n<\/div>\n<div class=\"one_third\">\n\t<p><label> Ihre E-Mail-Adresse*<br \/>\n<span class=\"wpcf7-form-control-wrap\" data-name=\"your-email\"><input size=\"40\" maxlength=\"400\" class=\"wpcf7-form-control wpcf7-email wpcf7-validates-as-required wpcf7-text wpcf7-validates-as-email\" aria-required=\"true\" aria-invalid=\"false\" value=\"\" type=\"email\" name=\"your-email\" \/><\/span> <\/label>\n\t<\/p>\n<\/div>\n<div class=\"two_third last\">\n\t<legend>Sie sind*:\n\t<\/legend>\n\t<p><span class=\"wpcf7-form-control-wrap\" data-name=\"radio-AusbildungFertig-395\"><span class=\"wpcf7-form-control wpcf7-radio\"><span class=\"wpcf7-list-item first\"><label><input type=\"radio\" name=\"radio-AusbildungFertig-395\" value=\"Arzt\/\u00c4rztin in Ausbildung\" checked=\"checked\" \/><span class=\"wpcf7-list-item-label\">Arzt\/\u00c4rztin in Ausbildung<\/span><\/label><\/span><span class=\"wpcf7-list-item last\"><label><input type=\"radio\" name=\"radio-AusbildungFertig-395\" value=\"Facharzt\/Fach\u00e4rztin\" \/><span class=\"wpcf7-list-item-label\">Facharzt\/Fach\u00e4rztin<\/span><\/label><\/span><\/span><\/span>\n\t<\/p>\n<\/div>\n<div data-id=\"group-facharztseit-785\" data-orig_data_id=\"group-facharztseit-785\"  class=\"\" data-class=\"wpcf7cf_group\">\n\t<legend>\n\t<\/legend>\n\t<p><label><\/label>\n\t<\/p>\n\t<legend>Facharzt\/Fach\u00e4rztin seit*:\n\t<\/legend>\n\t<p><span class=\"wpcf7-form-control-wrap\" data-name=\"date-facharztseit-447\"><input class=\"wpcf7-form-control wpcf7-date wpcf7-validates-as-required wpcf7-validates-as-date\" min=\"2024-04-22\" max=\"2027-04-22\" aria-required=\"true\" aria-invalid=\"false\" value=\"\" type=\"date\" name=\"date-facharztseit-447\" \/><\/span><br \/>\n\t<\/p>\n\t<div class=\"alert-message Warning\">\n\t\t<p>Bitte beachten Sie, dass Antr\u00e4ge nur m\u00f6glich sind, solange Sie seit maximal zwei Jahren als Facharzt\/\u00e4rztin ausgebildet sind.\n\t\t<\/p>\n\t<\/div>\n<\/div>\n<p><label> Ihre Institution*<br \/>\n<span class=\"wpcf7-form-control-wrap\" data-name=\"Institution\"><textarea cols=\"40\" rows=\"10\" maxlength=\"2000\" class=\"wpcf7-form-control wpcf7-textarea wpcf7-validates-as-required\" aria-required=\"true\" aria-invalid=\"false\" name=\"Institution\"><\/textarea><\/span> <\/label>\n<\/p>\n<div class=\"one_half\">\n\t<p><label>Name der Veranstaltung, f\u00fcr welche Sie den Zuschuss beantragen:*<br \/>\n<span class=\"wpcf7-form-control-wrap\" data-name=\"Foerdertitel\"><input size=\"40\" maxlength=\"400\" class=\"wpcf7-form-control wpcf7-text wpcf7-validates-as-required\" aria-required=\"true\" aria-invalid=\"false\" value=\"\" type=\"text\" name=\"Foerdertitel\" \/><\/span><\/label>\n\t<\/p>\n<\/div>\n<div class=\"one_fourth\">\n\t<p><label>Von:*<br \/>\n<span class=\"wpcf7-form-control-wrap\" data-name=\"Von-date\"><input class=\"wpcf7-form-control wpcf7-date wpcf7-validates-as-required wpcf7-validates-as-date\" aria-required=\"true\" aria-invalid=\"false\" value=\"\" type=\"date\" name=\"Von-date\" \/><\/span><\/label>\n\t<\/p>\n<\/div>\n<div class=\"one_fourth last\">\n\t<p><label>Bis:*<br \/>\n<span class=\"wpcf7-form-control-wrap\" data-name=\"Bis-date\"><input class=\"wpcf7-form-control wpcf7-date wpcf7-validates-as-required wpcf7-validates-as-date\" aria-required=\"true\" aria-invalid=\"false\" value=\"\" type=\"date\" name=\"Bis-date\" \/><\/span><\/label>\n\t<\/p>\n<\/div>\n<div class=\"one_half\">\n\t<p><label> Begleitschreiben* (nur .pdf):<br \/>\n<span class=\"wpcf7-form-control-wrap\" data-name=\"file-Begleitschreiben\"><input size=\"40\" class=\"wpcf7-form-control wpcf7-file wpcf7-validates-as-required\" accept=\".pdf\" aria-required=\"true\" aria-invalid=\"false\" type=\"file\" name=\"file-Begleitschreiben\" \/><\/span><\/label>\n\t<\/p>\n<\/div>\n<div class=\"one_half last\">\n\t<p><label> Weitere Beilagen (nur .pdf):<br \/>\n<span class=\"wpcf7-form-control-wrap\" data-name=\"file-Weitere-Beilagen\"><input size=\"40\" class=\"wpcf7-form-control wpcf7-file\" accept=\".pdf\" aria-invalid=\"false\" type=\"file\" name=\"file-Weitere-Beilagen\" \/><\/span><\/label>\n\t<\/p>\n<\/div>\n<p><span class=\"wpcf7-form-control-wrap\" data-name=\"Datenschutzvereinbarung_akzeptiert\"><span class=\"wpcf7-form-control wpcf7-acceptance\"><span class=\"wpcf7-list-item\"><label><input type=\"checkbox\" name=\"Datenschutzvereinbarung_akzeptiert\" value=\"1\" aria-invalid=\"false\" \/><span class=\"wpcf7-list-item-label\">Ich akzeptiere die <a href=\"https:\/\/www.oegnr.at\/oegnr_wp\/index.php\/privacy-policy\/\">Datenschutzvereinbarung<\/a> und willige ein, von der \u00d6GNR zwecks der weiteren Bearbeitung kontaktiert zu werden<\/span><\/label><\/span><\/span><\/span><br \/>\n<input class=\"wpcf7-form-control wpcf7-submit has-spinner\" type=\"submit\" value=\"Antrag stellen\" \/>\n<\/p><div class=\"wpcf7-response-output\" aria-hidden=\"true\"><\/div>\n<\/form>\n<\/div>\n<br \/>\n<script src=\"https:\/\/www.oegnr.at\/oegnr_wp\/wp-content\/themes\/inovado_child\/js\/gd_CF7DOMWorkaround.js\"><\/script><\/p>\n<p>Mit * markierte Felder sind Pflichtfelder. Die Gr\u00f6\u00dfe der Uploads darf 8 MB nicht \u00fcberschreiten.<\/p>\n","protected":false},"excerpt":{"rendered":"<p>Mit diesem Stipendium werden Fortbildungen bei einschl\u00e4gigen Veranstaltungen unterst\u00fctzt: z.B. Kurse der ESNR aber auch Teilnahmen an Fachkongressen (wie beispielsweise den Jahrestagungen von \u00d6GNR oder DGNR). Die F\u00f6rdersumme betr\u00e4gt maximal\u2026 <a href=\"https:\/\/www.oegnr.at\/oegnr_wp\/index.php\/antrag-auf-stipendium\/\" class=\"read-more-link\">weiterlesen &rarr;<\/a><\/p>\n","protected":false},"author":3,"featured_media":0,"parent":0,"menu_order":0,"comment_status":"closed","ping_status":"closed","template":"","meta":{"footnotes":""},"class_list":["post-93857","page","type-page","status-publish","hentry"],"_links":{"self":[{"href":"https:\/\/www.oegnr.at\/oegnr_wp\/index.php\/wp-json\/wp\/v2\/pages\/93857","targetHints":{"allow":["GET"]}}],"collection":[{"href":"https:\/\/www.oegnr.at\/oegnr_wp\/index.php\/wp-json\/wp\/v2\/pages"}],"about":[{"href":"https:\/\/www.oegnr.at\/oegnr_wp\/index.php\/wp-json\/wp\/v2\/types\/page"}],"author":[{"embeddable":true,"href":"https:\/\/www.oegnr.at\/oegnr_wp\/index.php\/wp-json\/wp\/v2\/users\/3"}],"replies":[{"embeddable":true,"href":"https:\/\/www.oegnr.at\/oegnr_wp\/index.php\/wp-json\/wp\/v2\/comments?post=93857"}],"version-history":[{"count":13,"href":"https:\/\/www.oegnr.at\/oegnr_wp\/index.php\/wp-json\/wp\/v2\/pages\/93857\/revisions"}],"predecessor-version":[{"id":117960,"href":"https:\/\/www.oegnr.at\/oegnr_wp\/index.php\/wp-json\/wp\/v2\/pages\/93857\/revisions\/117960"}],"wp:attachment":[{"href":"https:\/\/www.oegnr.at\/oegnr_wp\/index.php\/wp-json\/wp\/v2\/media?parent=93857"}],"curies":[{"name":"wp","href":"https:\/\/api.w.org\/{rel}","templated":true}]}}